{"id":2,"date":"2016-05-10T03:48:21","date_gmt":"2016-05-10T03:48:21","guid":{"rendered":"http:\/\/schach-reckenfeld.de\/?page_id=2"},"modified":"2024-03-09T14:27:52","modified_gmt":"2024-03-09T13:27:52","slug":"sample-page","status":"publish","type":"page","link":"http:\/\/schach-reckenfeld.de\/","title":{"rendered":"Willkommen!"},"content":{"rendered":"<p align=\"left\"><strong><span style=\"color: black;\">Herzlich Willkommen<\/span><\/strong><b> <\/b><span style=\"color: black;\">auf unseren Internet-Seiten! <\/span><\/p>\n<p align=\"left\"><span style=\"color: black;\">Sch\u00f6n, dass Sie sich virtuell zu uns bewegt haben. <\/span><\/p>\n<p align=\"left\"><span style=\"color: black;\">Lassen Sie sich aus dem Sessel rei\u00dfen und\u00a0kommen Sie\u00a0zu uns! Wir freuen uns \u00fcber neue Vereinsmitglieder, die sich schachsportlich bet\u00e4tigen, und dabei den Spa\u00df nicht aus den Augen verlieren wollen.<\/span><\/p>\n<p align=\"left\"><span style=\"color: black;\">Detaillierte Informationen erhalten Sie auf unseren Seiten. Das macht bestimmt Lust auf mehr!<\/span><\/p>\n","protected":false},"excerpt":{"rendered":"<p>Herzlich Willkommen auf unseren Internet-Seiten! Sch\u00f6n, dass Sie sich virtuell zu uns bewegt haben. Lassen Sie sich aus dem Sessel rei\u00dfen und\u00a0kommen Sie\u00a0zu uns! Wir freuen uns \u00fcber neue Vereinsmitglieder, die sich schachsportlich bet\u00e4tigen, und dabei den Spa\u00df nicht aus den Augen verlieren wollen. Detaillierte Informationen erhalten Sie auf unseren Seiten. Das macht bestimmt Lust &hellip; <a href=\"http:\/\/schach-reckenfeld.de\/\" class=\"more-link\"><span class=\"screen-reader-text\">Willkommen!<\/span> weiterlesen <span class=\"meta-nav\">&rarr;<\/span><\/a><\/p>\n","protected":false},"author":1,"featured_media":533,"parent":0,"menu_order":0,"comment_status":"closed","ping_status":"open","template":"","meta":{"footnotes":""},"_links":{"self":[{"href":"http:\/\/schach-reckenfeld.de\/index.php?rest_route=\/wp\/v2\/pages\/2"}],"collection":[{"href":"http:\/\/schach-reckenfeld.de\/index.php?rest_route=\/wp\/v2\/pages"}],"about":[{"href":"http:\/\/schach-reckenfeld.de\/index.php?rest_route=\/wp\/v2\/types\/page"}],"author":[{"embeddable":true,"href":"http:\/\/schach-reckenfeld.de\/index.php?rest_route=\/wp\/v2\/users\/1"}],"replies":[{"embeddable":true,"href":"http:\/\/schach-reckenfeld.de\/index.php?rest_route=%2Fwp%2Fv2%2Fcomments&post=2"}],"version-history":[{"count":2,"href":"http:\/\/schach-reckenfeld.de\/index.php?rest_route=\/wp\/v2\/pages\/2\/revisions"}],"predecessor-version":[{"id":46,"href":"http:\/\/schach-reckenfeld.de\/index.php?rest_route=\/wp\/v2\/pages\/2\/revisions\/46"}],"wp:featuredmedia":[{"embeddable":true,"href":"http:\/\/schach-reckenfeld.de\/index.php?rest_route=\/wp\/v2\/media\/533"}],"wp:attachment":[{"href":"http:\/\/schach-reckenfeld.de\/index.php?rest_route=%2Fwp%2Fv2%2Fmedia&parent=2"}],"curies":[{"name":"wp","href":"https:\/\/api.w.org\/{rel}","templated":true}]}}